{"id":3,"date":"2026-05-13T14:47:39","date_gmt":"2026-05-13T14:47:39","guid":{"rendered":"https:\/\/calcolopercentualeonline.it\/?page_id=3"},"modified":"2026-05-13T15:22:45","modified_gmt":"2026-05-13T15:22:45","slug":"privacy-policy","status":"publish","type":"page","link":"https:\/\/calcolopercentualeonline.it\/index.php\/privacy-policy\/","title":{"rendered":"Disclaimer"},"content":{"rendered":"\r\n<div id=\"ez-toc-container\" class=\"ez-toc-v2_0_83 counter-hierarchy ez-toc-counter ez-toc-grey ez-toc-container-direction\">\n<div class=\"ez-toc-title-container\">\n<p class=\"ez-toc-title\" style=\"cursor:inherit\">Table of Contents<\/p>\n<span class=\"ez-toc-title-toggle\"><a href=\"#\" class=\"ez-toc-pull-right ez-toc-btn ez-toc-btn-xs ez-toc-btn-default ez-toc-toggle\" aria-label=\"Toggle Table of Content\"><span class=\"ez-toc-js-icon-con\"><span class=\"\"><span class=\"eztoc-hide\" style=\"display:none;\">Toggle<\/span><span class=\"ez-toc-icon-toggle-span\"><svg style=\"fill: #999;color:#999\" xmlns=\"http:\/\/www.w3.org\/2000\/svg\" class=\"list-377408\" width=\"20px\" height=\"20px\" viewBox=\"0 0 24 24\" fill=\"none\"><path d=\"M6 6H4v2h2V6zm14 0H8v2h12V6zM4 11h2v2H4v-2zm16 0H8v2h12v-2zM4 16h2v2H4v-2zm16 0H8v2h12v-2z\" fill=\"currentColor\"><\/path><\/svg><svg style=\"fill: #999;color:#999\" class=\"arrow-unsorted-368013\" xmlns=\"http:\/\/www.w3.org\/2000\/svg\" width=\"10px\" height=\"10px\" viewBox=\"0 0 24 24\" version=\"1.2\" baseProfile=\"tiny\"><path d=\"M18.2 9.3l-6.2-6.3-6.2 6.3c-.2.2-.3.4-.3.7s.1.5.3.7c.2.2.4.3.7.3h11c.3 0 .5-.1.7-.3.2-.2.3-.5.3-.7s-.1-.5-.3-.7zM5.8 14.7l6.2 6.3 6.2-6.3c.2-.2.3-.5.3-.7s-.1-.5-.3-.7c-.2-.2-.4-.3-.7-.3h-11c-.3 0-.5.1-.7.3-.2.2-.3.5-.3.7s.1.5.3.7z\"\/><\/svg><\/span><\/span><\/span><\/a><\/span><\/div>\n<nav><ul class='ez-toc-list ez-toc-list-level-1 ' ><li class='ez-toc-page-1 ez-toc-heading-level-2'><a class=\"ez-toc-link ez-toc-heading-1\" href=\"https:\/\/calcolopercentualeonline.it\/index.php\/privacy-policy\/#%E2%80%93_GESTORE_SITO_WEB\" >\u2013 GESTORE SITO WEB<\/a><\/li><li class='ez-toc-page-1 ez-toc-heading-level-2'><a class=\"ez-toc-link ez-toc-heading-2\" href=\"https:\/\/calcolopercentualeonline.it\/index.php\/privacy-policy\/#%E2%80%93_DEFINIZIONI\" >\u2013 DEFINIZIONI<\/a><\/li><li class='ez-toc-page-1 ez-toc-heading-level-2'><a class=\"ez-toc-link ez-toc-heading-3\" href=\"https:\/\/calcolopercentualeonline.it\/index.php\/privacy-policy\/#%E2%80%93_AGENZIE_PUBBLICITARIE\" >\u2013 AGENZIE PUBBLICITARIE<\/a><\/li><li class='ez-toc-page-1 ez-toc-heading-level-2'><a class=\"ez-toc-link ez-toc-heading-4\" href=\"https:\/\/calcolopercentualeonline.it\/index.php\/privacy-policy\/#%E2%80%93_ACCESSO_ED_UTILIZZO_SITO_WEB\" >\u2013 ACCESSO ED UTILIZZO SITO WEB<\/a><\/li><li class='ez-toc-page-1 ez-toc-heading-level-2'><a class=\"ez-toc-link ez-toc-heading-5\" href=\"https:\/\/calcolopercentualeonline.it\/index.php\/privacy-policy\/#%E2%80%93_GARANZIA_E_RESPONSABILITA_PER_I_SERVIZI\" >\u2013 GARANZIA E RESPONSABILITA\u2019 PER I SERVIZI<\/a><\/li><li class='ez-toc-page-1 ez-toc-heading-level-2'><a class=\"ez-toc-link ez-toc-heading-6\" href=\"https:\/\/calcolopercentualeonline.it\/index.php\/privacy-policy\/#%E2%80%93_DIRITTI_DI_PROPRIETA\" >\u2013 DIRITTI DI PROPRIETA\u2019<\/a><\/li><li class='ez-toc-page-1 ez-toc-heading-level-2'><a class=\"ez-toc-link ez-toc-heading-7\" href=\"https:\/\/calcolopercentualeonline.it\/index.php\/privacy-policy\/#%E2%80%93_LIMITAZIONI_ED_ESCLUSIONE_RESPONSABILITA\" >\u2013 LIMITAZIONI ED ESCLUSIONE RESPONSABILIT\u00c0<\/a><\/li><li class='ez-toc-page-1 ez-toc-heading-level-2'><a class=\"ez-toc-link ez-toc-heading-8\" href=\"https:\/\/calcolopercentualeonline.it\/index.php\/privacy-policy\/#%E2%80%93_RESPONSABILITA_SCARICAMENTO_SOFTWARE_E_APPLICAZIONI_ON_LINE\" >\u2013 RESPONSABILITA\u2019 SCARICAMENTO SOFTWARE E APPLICAZIONI ON LINE<\/a><\/li><li class='ez-toc-page-1 ez-toc-heading-level-2'><a class=\"ez-toc-link ez-toc-heading-9\" href=\"https:\/\/calcolopercentualeonline.it\/index.php\/privacy-policy\/#%E2%80%93_ESCLUSIONE_DELLA_RESPONSABILITA_SUI_CONTENUTI_DEL_SITO_WEB\" >\u2013 ESCLUSIONE DELLA RESPONSABILIT\u00c0 SUI CONTENUTI DEL SITO WEB<\/a><\/li><li class='ez-toc-page-1 ez-toc-heading-level-2'><a class=\"ez-toc-link ez-toc-heading-10\" href=\"https:\/\/calcolopercentualeonline.it\/index.php\/privacy-policy\/#%E2%80%93_LINKS_IPERTESTUALI\" >\u2013 LINKS IPERTESTUALI<\/a><\/li><li class='ez-toc-page-1 ez-toc-heading-level-2'><a class=\"ez-toc-link ez-toc-heading-11\" href=\"https:\/\/calcolopercentualeonline.it\/index.php\/privacy-policy\/#%E2%80%93_IMMAGINI\" >\u2013 IMMAGINI<\/a><\/li><\/ul><\/nav><\/div>\n<h2 class=\"wp-block-heading\" data-section-id=\"ae67sq\" data-start=\"0\" data-end=\"23\"><span class=\"ez-toc-section\" id=\"%E2%80%93_GESTORE_SITO_WEB\"><\/span>\u2013 GESTORE SITO WEB<span class=\"ez-toc-section-end\"><\/span><\/h2>\r\n<p data-start=\"24\" data-end=\"147\">Questo sito web viene gestito dalla societ\u00e0 Ev-A s.r.l, con sede legale in Corso Umberto I 93, Torre Annunziata (NA) 80058.<\/p>\r\n<hr data-start=\"149\" data-end=\"152\" \/>\r\n<h2 data-section-id=\"8p8ld0\" data-start=\"154\" data-end=\"172\"><span class=\"ez-toc-section\" id=\"%E2%80%93_DEFINIZIONI\"><\/span>\u2013 DEFINIZIONI<span class=\"ez-toc-section-end\"><\/span><\/h2>\r\n<p data-start=\"173\" data-end=\"1695\">In queste Condizioni Generali i successivi termini hanno il seguente significato:<br data-start=\"254\" data-end=\"257\" \/>\u2013 Servizi si intendono dispositivi, funzioni, applicazioni, informazioni o altre prestazioni disponibili tramite questo sito web (eventuali prestazioni ISP comprese) (Internet Service Provider e\/o prestazioni di accesso a internet).<br data-start=\"489\" data-end=\"492\" \/>\u2013 Condizioni si intendono i presenti termini o condizioni.<br data-start=\"550\" data-end=\"553\" \/>\u2013 Utente e Lei si riferiscono ad ogni persona che acceda al sito web con o senza il permesso della Ev-A s.r.l o che lo utilizzi, e cio\u00e8 indipendentemente dall\u2019essere un utente registrato di questo sito web o un abbonato o un utente registrato di un servizio offerto o meno tramite questo sito web.<br data-start=\"850\" data-end=\"853\" \/>\u2013 Sito web o sito \u00e8 il sito web (homepage e pagine internet in questa contenute) o altra raccolta di informazioni e\/o applicazioni gestita dalla societ\u00e0 Ev-A s.r.l e messa a disposizione tramite accesso mediante apparecchiature d\u2019accesso quali PC, computer portatili, telefoni cellulari, computer palmari, macchine fotografiche digitali, apparecchi televisivi o altri dispositivi di rete per reti collegate fisicamente o senza fili (comprendenti tra l\u2019altro l\u2019internet e reti cui si accede tramite Wireless Application Protocol o tecnologie simili (WAP)), e nella quale sono pubblicate le presenti Condizioni o nella quale si fa\u2019 esplicitamente riferimento in collegamento ad una richiesta di approvazione delle presenti Condizioni, le quali devono venire approvate dall\u2019Utente.<br data-start=\"1631\" data-end=\"1634\" \/>Ulteriori condizioni particolari vengono definite di seguito.<\/p>\r\n<hr data-start=\"1697\" data-end=\"1700\" \/>\r\n<h2 data-section-id=\"1z0dfvw\" data-start=\"1702\" data-end=\"1730\"><span class=\"ez-toc-section\" id=\"%E2%80%93_AGENZIE_PUBBLICITARIE\"><\/span>\u2013 AGENZIE PUBBLICITARIE<span class=\"ez-toc-section-end\"><\/span><\/h2>\r\n<p data-start=\"1731\" data-end=\"2093\">I banners pubblicitari che l\u2019Utilizzatore vede sul sito sono gestiti per conto della Ev-A s.r.l da agenti. L\u2019agente pu\u00f2 utilizzare i cookies per scopi statistici, per assicurare che l\u2019Utilizzatore non veda la stessa pubblicit\u00e0 per tutto il tempo e per cercare ed assicurare che vengano visualizzate sul suo schermo le pubblicit\u00e0 che maggiormente gli interessano.<\/p>\r\n<hr data-start=\"2095\" data-end=\"2098\" \/>\r\n<h2 data-section-id=\"n2t41b\" data-start=\"2100\" data-end=\"2135\"><span class=\"ez-toc-section\" id=\"%E2%80%93_ACCESSO_ED_UTILIZZO_SITO_WEB\"><\/span>\u2013 ACCESSO ED UTILIZZO SITO WEB<span class=\"ez-toc-section-end\"><\/span><\/h2>\r\n<p data-start=\"2136\" data-end=\"2563\">Con l\u2019accesso a questo sito web o ai suoi contenuti, con la loro consultazione o con lo scaricamento per download degli stessi o il posting o il caricamento per upload a questo sito o altro utilizzo dello stesso e del suo contenuto come utente registrato o visitatore non registrato, l\u2019utente si impegna al rispetto delle presenti Condizioni senza alcuna modifica nonch\u00e9 al rispetto di tutte le disposizioni normative di legge.<\/p>\r\n<hr data-start=\"2565\" data-end=\"2568\" \/>\r\n<h2 data-section-id=\"cckb3t\" data-start=\"2570\" data-end=\"2617\"><span class=\"ez-toc-section\" id=\"%E2%80%93_GARANZIA_E_RESPONSABILITA_PER_I_SERVIZI\"><\/span>\u2013 GARANZIA E RESPONSABILITA\u2019 PER I SERVIZI<span class=\"ez-toc-section-end\"><\/span><\/h2>\r\n<p data-start=\"2618\" data-end=\"2970\">L\u2019Utente riconosce che l\u2019uso dei Servizi avviene nel proprio esclusivo interesse e rischio: il presente sito <strong data-start=\"2727\" data-end=\"2762\"><a class=\"decorated-link\" href=\"http:\/\/www.calcolopercentualeonline.it\" target=\"_new\" rel=\"noopener\" data-start=\"2729\" data-end=\"2760\">www.calcolopercentualeonline.it<\/a><\/strong> non offre alcuna garanzia che l\u2019uso dei Servizi sia conveniente, sicuro o privo di errori, n\u00e9 offre alcuna garanzia circa i risultati che sono attesi, sperati od ottenuti dall\u2019Utente con l\u2019uso dei Servizi;<\/p>\r\n<p data-start=\"2972\" data-end=\"3323\">La Societ\u00e0 Ev-A s.r.l. si impegna a fare tutto quanto sia in suo potere per fornire in via continuativa i Servizi ma non offre alcuna garanzia che questi non possano subire sospensioni e interruzioni e declina ogni responsabilit\u00e0 verso le eventuali pretese dell\u2019Utente relative all\u2019impossibilit\u00e0 per qualsiasi ragione dell\u2019utilizzazione dei Servizi;<\/p>\r\n<p data-start=\"3325\" data-end=\"3668\">La Societ\u00e0 Ev-A s.r.l. declina ogni responsabilit\u00e0 per danni, pretese o perdite, dirette o indirette, derivanti all\u2019Utente per il mancato e\/o difettoso funzionamento delle apparecchiature elettroniche dell\u2019Utente stesso o di terzi, di collegamenti telefonici e\/o telematici non gestiti direttamente da persone di cui questa debba rispondere;<\/p>\r\n<p data-start=\"3670\" data-end=\"4162\">L\u2019Utente riconosce di essere il solo responsabile di ogni e qualsiasi informazione, messaggio, testo, software, dato, suono, musica, fotografia, grafica, video e altro materiale da egli trasmesso, divulgato, scambiato o reso comunque disponibile tramite i Servizi forniti dal sito <strong data-start=\"3951\" data-end=\"3986\"><a class=\"decorated-link\" href=\"http:\/\/www.calcolopercentualeonline.it\" target=\"_new\" rel=\"noopener\" data-start=\"3953\" data-end=\"3984\">www.calcolopercentualeonline.it<\/a><\/strong> (\u201cContributo\/Contributi\u201d), e si impegna a manlevare e tenere indenne la societ\u00e0 Ev-A s.r.l. da qualsiasi rivendicazione e\/o pretesa di terzi derivante dai propri Contributi;<\/p>\r\n<p data-start=\"4164\" data-end=\"4369\">Le societ\u00e0 gestori del sito non sono tenute ad effettuare alcuna attivit\u00e0 di controllo sulla liceit\u00e0, veridicit\u00e0, fondatezza, accuratezza, non ingannevolezza, non offensivit\u00e0 dei Contributi degli Utenti;<\/p>\r\n<p data-start=\"4371\" data-end=\"4562\">L\u2019Utente che intenda accedere ai Servizi contenenti Contributi dichiara di essere consapevole che tali contenuti possono risultare offensivi e che la responsabilit\u00e0 \u00e8 di chi li ha pubblicati.<\/p>\r\n<hr data-start=\"4564\" data-end=\"4567\" \/>\r\n<h2 data-section-id=\"i4bx63\" data-start=\"4569\" data-end=\"4597\"><span class=\"ez-toc-section\" id=\"%E2%80%93_DIRITTI_DI_PROPRIETA\"><\/span>\u2013 DIRITTI DI PROPRIETA\u2019<span class=\"ez-toc-section-end\"><\/span><\/h2>\r\n<p data-start=\"4598\" data-end=\"4828\">L\u2019Utente riconosce espressamente che tutti i diritti di propriet\u00e0 intellettuale relativi ai Servizi, ai dati e agli altri materiali provenienti dal sito <strong data-start=\"4751\" data-end=\"4786\"><a class=\"decorated-link\" href=\"http:\/\/www.calcolopercentualeonline.it\" target=\"_new\" rel=\"noopener\" data-start=\"4753\" data-end=\"4784\">www.calcolopercentualeonline.it<\/a><\/strong> restano di titolarit\u00e0 esclusiva del sito.<\/p>\r\n<hr data-start=\"4830\" data-end=\"4833\" \/>\r\n<h2 data-section-id=\"3j4ltj\" data-start=\"4835\" data-end=\"4882\"><span class=\"ez-toc-section\" id=\"%E2%80%93_LIMITAZIONI_ED_ESCLUSIONE_RESPONSABILITA\"><\/span>\u2013 LIMITAZIONI ED ESCLUSIONE RESPONSABILIT\u00c0<span class=\"ez-toc-section-end\"><\/span><\/h2>\r\n<p data-start=\"4883\" data-end=\"5079\">Materiali, informazioni e opinioni contenute nel sito non rappresentano necessariamente quelle della Ev-A s.r.l. Tutti i contenuti vanno considerati come opinioni e non come affermazioni di fatto.<\/p>\r\n<p data-start=\"5081\" data-end=\"5268\">L\u2019utente rende note informazioni personali a proprio rischio. La Ev-A s.r.l. si impegna a proteggere i dati ma non pu\u00f2 garantire la sicurezza assoluta delle informazioni trasmesse online.<\/p>\r\n<p data-start=\"5270\" data-end=\"5440\">La Ev-A s.r.l. non \u00e8 obbligata a prendere parte a controversie tra utenti e declina ogni responsabilit\u00e0 relativa a contenuti eventualmente illegali, offensivi o inesatti.<\/p>\r\n<hr data-start=\"5442\" data-end=\"5445\" \/>\r\n<h2 data-section-id=\"9yo3by\" data-start=\"5447\" data-end=\"5514\"><span class=\"ez-toc-section\" id=\"%E2%80%93_RESPONSABILITA_SCARICAMENTO_SOFTWARE_E_APPLICAZIONI_ON_LINE\"><\/span>\u2013 RESPONSABILITA\u2019 SCARICAMENTO SOFTWARE E APPLICAZIONI ON LINE<span class=\"ez-toc-section-end\"><\/span><\/h2>\r\n<p data-start=\"5515\" data-end=\"5683\">Qualunque software o materiale scaricabile dal sito viene fornito all\u2019Utente senza trasferimento di diritti. L\u2019utilizzo \u00e8 regolato dai termini dei rispettivi fornitori.<\/p>\r\n<p data-start=\"5685\" data-end=\"5852\">La Ev-A s.r.l. non garantisce la correttezza o affidabilit\u00e0 dei risultati derivanti dall\u2019utilizzo di tali strumenti e non \u00e8 responsabile per eventuali perdite di dati.<\/p>\r\n<hr data-start=\"5854\" data-end=\"5857\" \/>\r\n<h2 data-section-id=\"1b44tz3\" data-start=\"5859\" data-end=\"5924\"><span class=\"ez-toc-section\" id=\"%E2%80%93_ESCLUSIONE_DELLA_RESPONSABILITA_SUI_CONTENUTI_DEL_SITO_WEB\"><\/span>\u2013 ESCLUSIONE DELLA RESPONSABILIT\u00c0 SUI CONTENUTI DEL SITO WEB<span class=\"ez-toc-section-end\"><\/span><\/h2>\r\n<p data-start=\"5925\" data-end=\"6092\">La Ev-A s.r.l. non \u00e8 responsabile per danni diretti o indiretti derivanti dall\u2019utilizzo o dall\u2019impossibilit\u00e0 di utilizzare il sito <strong data-start=\"6056\" data-end=\"6091\"><a class=\"decorated-link\" href=\"http:\/\/www.calcolopercentualeonline.it\" target=\"_new\" rel=\"noopener\" data-start=\"6058\" data-end=\"6089\">www.calcolopercentualeonline.it<\/a><\/strong>.<\/p>\r\n<hr data-start=\"6094\" data-end=\"6097\" \/>\r\n<h2 data-section-id=\"1bchezw\" data-start=\"6099\" data-end=\"6124\"><span class=\"ez-toc-section\" id=\"%E2%80%93_LINKS_IPERTESTUALI\"><\/span>\u2013 LINKS IPERTESTUALI<span class=\"ez-toc-section-end\"><\/span><\/h2>\r\n<p data-start=\"6125\" data-end=\"6247\">L\u2019utente si impegna a richiedere autorizzazione scritta prima di creare link verso questo sito. \u00c8 vietato il deep linking.<\/p>\r\n<p data-start=\"6249\" data-end=\"6389\">La Ev-A s.r.l. non \u00e8 responsabile per contenuti presenti su siti esterni collegati e invita l\u2019utente alla massima cautela nella navigazione.<\/p>\r\n<hr data-start=\"6391\" data-end=\"6394\" \/>\r\n<h2 data-section-id=\"bcccgn\" data-start=\"6396\" data-end=\"6411\"><span class=\"ez-toc-section\" id=\"%E2%80%93_IMMAGINI\"><\/span>\u2013 IMMAGINI<span class=\"ez-toc-section-end\"><\/span><\/h2>\r\n<p data-start=\"6412\" data-end=\"6574\">Le immagini contenute in queste pagine sono prelevate dalla rete e pertanto da considerarsi di pubblico dominio. I diritti appartengono ai rispettivi proprietari.<\/p>\r\n<p data-start=\"6576\" data-end=\"6764\" data-is-last-node=\"\" data-is-only-node=\"\">Il sito <strong data-start=\"6584\" data-end=\"6615\">calcolopercentualeonline.it<\/strong> si impegna a rimuovere le immagini o citarne il proprietario qualora venga segnalata una pubblicazione non autorizzata tramite richiesta via e-mail.<\/p>","protected":false},"excerpt":{"rendered":"<p>\u2013 GESTORE SITO WEB Questo sito web viene gestito dalla societ\u00e0 Ev-A s.r.l, con sede legale in Corso Umberto I 93, Torre Annunziata (NA) 80058. \u2013 DEFINIZIONI In queste Condizioni Generali i successivi termini hanno il seguente significato:\u2013 Servizi si intendono dispositivi, funzioni, applicazioni, informazioni o altre prestazioni disponibili tramite questo sito web (eventuali prestazioni &#8230; <a title=\"Disclaimer\" class=\"read-more\" href=\"https:\/\/calcolopercentualeonline.it\/index.php\/privacy-policy\/\" aria-label=\"Per saperne di pi\u00f9 su Disclaimer\">Leggi tutto<\/a><\/p>\n","protected":false},"author":1,"featured_media":0,"parent":0,"menu_order":0,"comment_status":"closed","ping_status":"open","template":"","meta":{"footnotes":""},"class_list":["post-3","page","type-page","status-publish"],"yoast_head":"<!-- This site is optimized with the Yoast SEO plugin v27.6 - https:\/\/yoast.com\/product\/yoast-seo-wordpress\/ -->\n<title>Disclaimer - calcolopercentualeonline.it<\/title>\n<meta name=\"robots\" content=\"index, follow, max-snippet:-1, max-image-preview:large, max-video-preview:-1\" \/>\n<link rel=\"canonical\" href=\"https:\/\/calcolopercentualeonline.it\/index.php\/privacy-policy\/\" \/>\n<meta property=\"og:locale\" content=\"it_IT\" \/>\n<meta property=\"og:type\" content=\"article\" \/>\n<meta property=\"og:title\" content=\"Disclaimer - calcolopercentualeonline.it\" \/>\n<meta property=\"og:description\" content=\"\u2013 GESTORE SITO WEB Questo sito web viene gestito dalla societ\u00e0 Ev-A s.r.l, con sede legale in Corso Umberto I 93, Torre Annunziata (NA) 80058. \u2013 DEFINIZIONI In queste Condizioni Generali i successivi termini hanno il seguente significato:\u2013 Servizi si intendono dispositivi, funzioni, applicazioni, informazioni o altre prestazioni disponibili tramite questo sito web (eventuali prestazioni ... Leggi tutto\" \/>\n<meta property=\"og:url\" content=\"https:\/\/calcolopercentualeonline.it\/index.php\/privacy-policy\/\" \/>\n<meta property=\"og:site_name\" content=\"calcolopercentualeonline.it\" \/>\n<meta property=\"article:modified_time\" content=\"2026-05-13T15:22:45+00:00\" \/>\n<meta name=\"twitter:card\" content=\"summary_large_image\" \/>\n<meta name=\"twitter:label1\" content=\"Tempo di lettura stimato\" \/>\n\t<meta name=\"twitter:data1\" content=\"5 minuti\" \/>\n<script type=\"application\/ld+json\" class=\"yoast-schema-graph\">{\"@context\":\"https:\\\/\\\/schema.org\",\"@graph\":[{\"@type\":\"WebPage\",\"@id\":\"https:\\\/\\\/calcolopercentualeonline.it\\\/index.php\\\/privacy-policy\\\/\",\"url\":\"https:\\\/\\\/calcolopercentualeonline.it\\\/index.php\\\/privacy-policy\\\/\",\"name\":\"Disclaimer - calcolopercentualeonline.it\",\"isPartOf\":{\"@id\":\"https:\\\/\\\/calcolopercentualeonline.it\\\/#website\"},\"datePublished\":\"2026-05-13T14:47:39+00:00\",\"dateModified\":\"2026-05-13T15:22:45+00:00\",\"breadcrumb\":{\"@id\":\"https:\\\/\\\/calcolopercentualeonline.it\\\/index.php\\\/privacy-policy\\\/#breadcrumb\"},\"inLanguage\":\"it-IT\",\"potentialAction\":[{\"@type\":\"ReadAction\",\"target\":[\"https:\\\/\\\/calcolopercentualeonline.it\\\/index.php\\\/privacy-policy\\\/\"]}]},{\"@type\":\"BreadcrumbList\",\"@id\":\"https:\\\/\\\/calcolopercentualeonline.it\\\/index.php\\\/privacy-policy\\\/#breadcrumb\",\"itemListElement\":[{\"@type\":\"ListItem\",\"position\":1,\"name\":\"Home\",\"item\":\"https:\\\/\\\/calcolopercentualeonline.it\\\/\"},{\"@type\":\"ListItem\",\"position\":2,\"name\":\"Disclaimer\"}]},{\"@type\":\"WebSite\",\"@id\":\"https:\\\/\\\/calcolopercentualeonline.it\\\/#website\",\"url\":\"https:\\\/\\\/calcolopercentualeonline.it\\\/\",\"name\":\"calcolopercentualeonline.it\",\"description\":\"\",\"potentialAction\":[{\"@type\":\"SearchAction\",\"target\":{\"@type\":\"EntryPoint\",\"urlTemplate\":\"https:\\\/\\\/calcolopercentualeonline.it\\\/?s={search_term_string}\"},\"query-input\":{\"@type\":\"PropertyValueSpecification\",\"valueRequired\":true,\"valueName\":\"search_term_string\"}}],\"inLanguage\":\"it-IT\"}]}<\/script>\n<!-- \/ Yoast SEO plugin. -->","yoast_head_json":{"title":"Disclaimer - calcolopercentualeonline.it","robots":{"index":"index","follow":"follow","max-snippet":"max-snippet:-1","max-image-preview":"max-image-preview:large","max-video-preview":"max-video-preview:-1"},"canonical":"https:\/\/calcolopercentualeonline.it\/index.php\/privacy-policy\/","og_locale":"it_IT","og_type":"article","og_title":"Disclaimer - calcolopercentualeonline.it","og_description":"\u2013 GESTORE SITO WEB Questo sito web viene gestito dalla societ\u00e0 Ev-A s.r.l, con sede legale in Corso Umberto I 93, Torre Annunziata (NA) 80058. \u2013 DEFINIZIONI In queste Condizioni Generali i successivi termini hanno il seguente significato:\u2013 Servizi si intendono dispositivi, funzioni, applicazioni, informazioni o altre prestazioni disponibili tramite questo sito web (eventuali prestazioni ... Leggi tutto","og_url":"https:\/\/calcolopercentualeonline.it\/index.php\/privacy-policy\/","og_site_name":"calcolopercentualeonline.it","article_modified_time":"2026-05-13T15:22:45+00:00","twitter_card":"summary_large_image","twitter_misc":{"Tempo di lettura stimato":"5 minuti"},"schema":{"@context":"https:\/\/schema.org","@graph":[{"@type":"WebPage","@id":"https:\/\/calcolopercentualeonline.it\/index.php\/privacy-policy\/","url":"https:\/\/calcolopercentualeonline.it\/index.php\/privacy-policy\/","name":"Disclaimer - calcolopercentualeonline.it","isPartOf":{"@id":"https:\/\/calcolopercentualeonline.it\/#website"},"datePublished":"2026-05-13T14:47:39+00:00","dateModified":"2026-05-13T15:22:45+00:00","breadcrumb":{"@id":"https:\/\/calcolopercentualeonline.it\/index.php\/privacy-policy\/#breadcrumb"},"inLanguage":"it-IT","potentialAction":[{"@type":"ReadAction","target":["https:\/\/calcolopercentualeonline.it\/index.php\/privacy-policy\/"]}]},{"@type":"BreadcrumbList","@id":"https:\/\/calcolopercentualeonline.it\/index.php\/privacy-policy\/#breadcrumb","itemListElement":[{"@type":"ListItem","position":1,"name":"Home","item":"https:\/\/calcolopercentualeonline.it\/"},{"@type":"ListItem","position":2,"name":"Disclaimer"}]},{"@type":"WebSite","@id":"https:\/\/calcolopercentualeonline.it\/#website","url":"https:\/\/calcolopercentualeonline.it\/","name":"calcolopercentualeonline.it","description":"","potentialAction":[{"@type":"SearchAction","target":{"@type":"EntryPoint","urlTemplate":"https:\/\/calcolopercentualeonline.it\/?s={search_term_string}"},"query-input":{"@type":"PropertyValueSpecification","valueRequired":true,"valueName":"search_term_string"}}],"inLanguage":"it-IT"}]}},"_links":{"self":[{"href":"https:\/\/calcolopercentualeonline.it\/index.php\/wp-json\/wp\/v2\/pages\/3","targetHints":{"allow":["GET"]}}],"collection":[{"href":"https:\/\/calcolopercentualeonline.it\/index.php\/wp-json\/wp\/v2\/pages"}],"about":[{"href":"https:\/\/calcolopercentualeonline.it\/index.php\/wp-json\/wp\/v2\/types\/page"}],"author":[{"embeddable":true,"href":"https:\/\/calcolopercentualeonline.it\/index.php\/wp-json\/wp\/v2\/users\/1"}],"replies":[{"embeddable":true,"href":"https:\/\/calcolopercentualeonline.it\/index.php\/wp-json\/wp\/v2\/comments?post=3"}],"version-history":[{"count":1,"href":"https:\/\/calcolopercentualeonline.it\/index.php\/wp-json\/wp\/v2\/pages\/3\/revisions"}],"predecessor-version":[{"id":12,"href":"https:\/\/calcolopercentualeonline.it\/index.php\/wp-json\/wp\/v2\/pages\/3\/revisions\/12"}],"wp:attachment":[{"href":"https:\/\/calcolopercentualeonline.it\/index.php\/wp-json\/wp\/v2\/media?parent=3"}],"curies":[{"name":"wp","href":"https:\/\/api.w.org\/{rel}","templated":true}]}}